{"id":6664,"date":"2026-01-07T09:00:58","date_gmt":"2026-01-07T07:00:58","guid":{"rendered":"https:\/\/www.suvantocare.fi\/?page_id=6664"},"modified":"2026-01-07T10:14:28","modified_gmt":"2026-01-07T08:14:28","slug":"tiedote-liiketoimintakaupasta-7-1-2026","status":"publish","type":"page","link":"https:\/\/www.suvantocare.fi\/tiedote-liiketoimintakaupasta-7-1-2026\/","title":{"rendered":"Tiedote liiketoimintakaupasta 7.1.2026"},"content":{"rendered":"\t\t<div data-elementor-type=\"wp-page\" data-elementor-id=\"6664\" class=\"elementor elementor-6664\" data-elementor-post-type=\"page\">\n\t\t\t\t\t\t<section class=\"elementor-section elementor-top-section elementor-element elementor-element-340b227 elementor-section-boxed elementor-section-height-default elementor-section-height-default\" data-id=\"340b227\" data-element_type=\"section\" data-e-type=\"section\" data-settings=\"{&quot;background_background&quot;:&quot;classic&quot;}\">\n\t\t\t\t\t\t<div class=\"elementor-container elementor-column-gap-default\">\n\t\t\t\t\t<div class=\"elementor-column elementor-col-100 elementor-top-column elementor-element elementor-element-503f31f1\" data-id=\"503f31f1\" data-element_type=\"column\" data-e-type=\"column\">\n\t\t\t<div class=\"elementor-widget-wrap elementor-element-populated\">\n\t\t\t\t\t\t<div class=\"elementor-element elementor-element-3e827756 elementor-widget elementor-widget-breadcrumbs\" data-id=\"3e827756\" data-element_type=\"widget\" data-e-type=\"widget\" data-widget_type=\"breadcrumbs.default\">\n\t\t\t\t<div class=\"elementor-widget-container\">\n\t\t\t\t\t<p id=\"breadcrumbs\"><span><span><a href=\"https:\/\/www.suvantocare.fi\/fi\/\">Etusivu<\/a><\/span><\/span><\/p>\t\t\t\t<\/div>\n\t\t\t\t<\/div>\n\t\t\t\t\t<\/div>\n\t\t<\/div>\n\t\t\t\t\t<\/div>\n\t\t<\/section>\n\t\t\t\t<section class=\"elementor-section elementor-top-section elementor-element elementor-element-38ab2e3c elementor-section-boxed elementor-section-height-default elementor-section-height-default\" data-id=\"38ab2e3c\" data-element_type=\"section\" data-e-type=\"section\" data-settings=\"{&quot;background_background&quot;:&quot;classic&quot;}\">\n\t\t\t\t\t\t<div class=\"elementor-container elementor-column-gap-default\">\n\t\t\t\t\t<div class=\"elementor-column elementor-col-100 elementor-top-column elementor-element elementor-element-4021f4e0\" data-id=\"4021f4e0\" data-element_type=\"column\" data-e-type=\"column\">\n\t\t\t<div class=\"elementor-widget-wrap elementor-element-populated\">\n\t\t\t\t\t\t<div class=\"elementor-element elementor-element-289dee8d elementor-widget elementor-widget-heading\" data-id=\"289dee8d\" data-element_type=\"widget\" data-e-type=\"widget\" data-widget_type=\"heading.default\">\n\t\t\t\t<div class=\"elementor-widget-container\">\n\t\t\t\t\t<h1 class=\"elementor-heading-title elementor-size-default\">Tiedote liiketoimintakaupasta 7.1.2026<\/h1>\t\t\t\t<\/div>\n\t\t\t\t<\/div>\n\t\t\t\t\t<\/div>\n\t\t<\/div>\n\t\t\t\t\t<\/div>\n\t\t<\/section>\n\t\t\t\t<section class=\"elementor-section elementor-top-section elementor-element elementor-element-7e6799fa elementor-reverse-tablet elementor-section-boxed elementor-section-height-default elementor-section-height-default\" data-id=\"7e6799fa\" data-element_type=\"section\" data-e-type=\"section\" data-settings=\"{&quot;background_background&quot;:&quot;classic&quot;}\">\n\t\t\t\t\t\t<div class=\"elementor-container elementor-column-gap-default\">\n\t\t\t\t\t<div class=\"elementor-column elementor-col-100 elementor-top-column elementor-element elementor-element-6f009a5d\" data-id=\"6f009a5d\" data-element_type=\"column\" data-e-type=\"column\" data-settings=\"{&quot;background_background&quot;:&quot;classic&quot;}\">\n\t\t\t<div class=\"elementor-widget-wrap elementor-element-populated\">\n\t\t\t\t\t\t<div class=\"elementor-element elementor-element-9b48271 elementor-widget elementor-widget-text-editor\" data-id=\"9b48271\" data-element_type=\"widget\" data-e-type=\"widget\" lang=\"fi\" data-widget_type=\"text-editor.default\">\n\t\t\t\t<div class=\"elementor-widget-container\">\n\t\t\t\t\t\t\t\t\t<h4><b>Suvanto Care Oy vahvis\u00adtaa video\u00ad\u00ad\u00ad\u00adpal\u00ad\u00advelu\u00adlii\u00adke\u00ad\u00ad\u00adtoi\u00ad\u00admin\u00ad\u00ad\u00adtaansa liike\u00ad\u00ad\u00adtoi\u00adminta\u00ad\u00adkaupalla Arctic Connect Oy:n kanssa<\/b><\/h4><p><span style=\"font-weight: 400;\"><strong>Suvanto Care Oy<\/strong> ja <strong>Arctic Connect Oy<\/strong> ovat sopineet liike\u00adtoiminta\u00adkaupasta, jossa Suvanto Care hankkii alihankintana aiemmin k\u00e4ytt\u00e4m\u00e4ns\u00e4 Arctic Connectin video\u00adpalvelu\u00adalustan liiketoiminnan itselleen. J\u00e4rjestely vahvistaa Suvanto Caren mahdollisuuksia kehitt\u00e4\u00e4 ja tuottaa digitaalisia videopohjaisia palveluja osana yhti\u00f6n laajempaa palvelukokonaisuutta. Liiketoimintakaupan my\u00f6t\u00e4 Suvanto Caren palvelutuotannossa aiemminkin k\u00e4yt\u00f6ss\u00e4 ollut videopalvelualusta siirtyy Suvanto Caren omistukseen, mik\u00e4 mahdollistaa palveluiden entist\u00e4 tiiviimm\u00e4n integroinnin yhti\u00f6n omaan teknologia-alustaan sek\u00e4 pitk\u00e4j\u00e4nteisen kehitt\u00e4misen eri asiakastarpeisiin.<\/span><\/p><center><img decoding=\"async\" src=\"https:\/\/www.suvantocare.fi\/wp-content\/uploads\/2026\/01\/Liiketoimintakauppa.jpeg\" alt=\"\" width=\"700\" \/><\/center><p><span style=\"font-weight: 400;\">\u2013 <\/span><i><span style=\"font-weight: 400;\">\u201cLiiketoimintakauppa tukee strategiaamme kehitt\u00e4\u00e4 digitaalisia palveluja, jotka parantavat vuorovaikutusta, saavutettavuutta ja palvelun laatua eri asiakasymp\u00e4rist\u00f6iss\u00e4. Oman videopalvelualustan avulla voimme varmistaa entist\u00e4 paremmin palvelun skaalautumisen ja kehitt\u00e4\u00e4 kokonaisuutta pitk\u00e4j\u00e4nteisesti asiakkaidemme tarpeista l\u00e4htien,\u201d<\/span><\/i><span style=\"font-weight: 400;\"> sanoo Suvanto Care Oy:n toimitusjohtaja <\/span><b>Antti Haukipuro<\/b><span style=\"font-weight: 400;\">.<\/span><\/p><p><span style=\"font-weight: 400;\">Arctic Connectille liiketoimintakauppa selkeytt\u00e4\u00e4 yhti\u00f6n liiketoimintastrategiaa ja tukee keskittymist\u00e4 yhti\u00f6n nykyisiin ydintoimintoihin visuaalisen kommuni\u00adkaatio\u00adteknologian ja AV-teknologian parissa.<\/span><\/p><p><span style=\"font-weight: 400;\">\u2013 <\/span><i><span style=\"font-weight: 400;\">\u201cEr\u00e4\u00e4ll\u00e4 tavalla t\u00e4ss\u00e4 tietty aikakausi tulee p\u00e4\u00e4t\u00f6kseen ja j\u00e4rjestely selkeytt\u00e4\u00e4 liike\u00adtoimin\u00adtaamme, ja mahdollistaa entist\u00e4 vahvemman keskittymisen Arctic Connectin nykyisiin ydintoimintoihin ja niiden kehitt\u00e4miseen. Samalla myyty videopalveluliiketoiminta saa Suvanto Carella vahvan kodin ja mahdollisuuden kehitty\u00e4 osana laajempaa palvelu\u00adkokonai\u00adsuutta,\u201d<\/span><\/i><span style=\"font-weight: 400;\"> toteaa Arctic Connect Oy:n toimitusjohtaja <\/span><b>Toni Kurvinen<\/b><span style=\"font-weight: 400;\">.<\/span><\/p><p><span style=\"font-weight: 400;\">Liiketoimintakauppa koskee Suvanto Caren jo aiemmin palvelutuotannossaan k\u00e4ytt\u00e4m\u00e4\u00e4 Arctic Connectin videopalvelualustaa ja siihen liittyv\u00e4\u00e4 liiketoimintaa. Arctic Connect jatkaa toimintaansa muilla liike\u00adtoiminta-alueil\u00adlaan omien strategisten painopisteidens\u00e4 mukaisesti. Kaikki palvelut jatkuvat asiakkaille keskeytyksett\u00e4.<\/span><\/p><h5><b>Lis\u00e4tietoja<\/b><\/h5><p><b>Suvanto Care Oy<br \/><\/b><span style=\"font-weight: 400;\">Antti Haukipuro,<\/span><span style=\"font-weight: 400;\"><br \/>antti.haukipuro@suvantocare.fi<\/span><span style=\"font-weight: 400;\"><br \/><\/span><span style=\"font-weight: 400;\">Toimitusjohtaja<\/span><\/p><p><b>Arctic Connect Oy<br \/><\/b><span style=\"font-weight: 400;\">Toni Kurvinen,<\/span><span style=\"font-weight: 400;\"><br \/>toni.kurvinen@arctic-connect.com<\/span><span style=\"font-weight: 400;\"><br \/><\/span><span style=\"font-weight: 400;\">Toimitusjohtaja<\/span><\/p>\t\t\t\t\t\t\t\t<\/div>\n\t\t\t\t<\/div>\n\t\t\t\t\t<\/div>\n\t\t<\/div>\n\t\t\t\t\t<\/div>\n\t\t<\/section>\n\t\t\t\t<\/div>\n\t\t","protected":false},"excerpt":{"rendered":"<p>Suvanto Care Oy vahvis\u00adtaa video\u00ad\u00ad\u00ad\u00adpal\u00ad\u00advelu\u00adlii\u00adke\u00ad\u00ad\u00adtoi\u00ad\u00admin\u00ad\u00ad\u00adtaansa liike\u00ad\u00ad\u00adtoi\u00adminta\u00ad\u00adkaupalla Arctic Connect Oy:n kanssa Suvanto Care Oy ja Arctic Connect Oy ovat sopineet liike\u00adtoiminta\u00adkaupasta, jossa Suvanto Care hankkii alihankintana aiemmin k\u00e4ytt\u00e4m\u00e4ns\u00e4 Arctic Connectin video\u00adpalvelu\u00adalustan liiketoiminnan itselleen. J\u00e4rjestely vahvistaa Suvanto Caren mahdollisuuksia kehitt\u00e4\u00e4 ja tuottaa digitaalisia videopohjaisia palveluja osana yhti\u00f6n laajempaa palvelukokonaisuutta. Liiketoimintakaupan my\u00f6t\u00e4 Suvanto Caren palvelutuotannossa aiemminkin k\u00e4yt\u00f6ss\u00e4 ollut [&hellip;]<\/p>\n","protected":false},"author":1,"featured_media":0,"parent":0,"menu_order":0,"comment_status":"closed","ping_status":"closed","template":"elementor_header_footer","meta":{"_acf_changed":false,"footnotes":""},"class_list":["post-6664","page","type-page","status-publish","hentry"],"acf":[],"yoast_head":"<!-- This site is optimized with the Yoast SEO plugin v27.3 - https:\/\/yoast.com\/product\/yoast-seo-wordpress\/ -->\n<title>Tiedote liiketoimintakaupasta 7.1.2026 - suvantocare.fi<\/title>\n<meta name=\"robots\" content=\"index, follow, max-snippet:-1, max-image-preview:large, max-video-preview:-1\" \/>\n<link rel=\"canonical\" href=\"https:\/\/www.suvantocare.fi\/fi\/tiedote-liiketoimintakaupasta-7-1-2026\/\" \/>\n<meta property=\"og:locale\" content=\"en_US\" \/>\n<meta property=\"og:type\" content=\"article\" \/>\n<meta property=\"og:title\" content=\"Tiedote liiketoimintakaupasta 7.1.2026 - suvantocare.fi\" \/>\n<meta property=\"og:description\" content=\"Suvanto Care Oy vahvis\u00adtaa video\u00ad\u00ad\u00ad\u00adpal\u00ad\u00advelu\u00adlii\u00adke\u00ad\u00ad\u00adtoi\u00ad\u00admin\u00ad\u00ad\u00adtaansa liike\u00ad\u00ad\u00adtoi\u00adminta\u00ad\u00adkaupalla Arctic Connect Oy:n kanssa Suvanto Care Oy ja Arctic Connect Oy ovat sopineet liike\u00adtoiminta\u00adkaupasta, jossa Suvanto Care hankkii alihankintana aiemmin k\u00e4ytt\u00e4m\u00e4ns\u00e4 Arctic Connectin video\u00adpalvelu\u00adalustan liiketoiminnan itselleen. J\u00e4rjestely vahvistaa Suvanto Caren mahdollisuuksia kehitt\u00e4\u00e4 ja tuottaa digitaalisia videopohjaisia palveluja osana yhti\u00f6n laajempaa palvelukokonaisuutta. Liiketoimintakaupan my\u00f6t\u00e4 Suvanto Caren palvelutuotannossa aiemminkin k\u00e4yt\u00f6ss\u00e4 ollut [&hellip;]\" \/>\n<meta property=\"og:url\" content=\"https:\/\/www.suvantocare.fi\/tiedote-liiketoimintakaupasta-7-1-2026\/\" \/>\n<meta property=\"og:site_name\" content=\"suvantocare.fi\" \/>\n<meta property=\"article:modified_time\" content=\"2026-01-07T08:14:28+00:00\" \/>\n<meta property=\"og:image\" content=\"https:\/\/www.suvantocare.fi\/wp-content\/uploads\/2026\/01\/Liiketoimintakauppa.jpeg\" \/>\n<meta name=\"twitter:card\" content=\"summary_large_image\" \/>\n<meta name=\"twitter:label1\" content=\"Est. reading time\" \/>\n\t<meta name=\"twitter:data1\" content=\"2 minutes\" \/>\n<script type=\"application\/ld+json\" class=\"yoast-schema-graph\">{\"@context\":\"https:\\\/\\\/schema.org\",\"@graph\":[{\"@type\":\"WebPage\",\"@id\":\"https:\\\/\\\/www.suvantocare.fi\\\/tiedote-liiketoimintakaupasta-7-1-2026\\\/\",\"url\":\"https:\\\/\\\/www.suvantocare.fi\\\/tiedote-liiketoimintakaupasta-7-1-2026\\\/\",\"name\":\"Tiedote liiketoimintakaupasta 7.1.2026 - suvantocare.fi\",\"isPartOf\":{\"@id\":\"https:\\\/\\\/www.suvantocare.fi\\\/#website\"},\"primaryImageOfPage\":{\"@id\":\"https:\\\/\\\/www.suvantocare.fi\\\/tiedote-liiketoimintakaupasta-7-1-2026\\\/#primaryimage\"},\"image\":{\"@id\":\"https:\\\/\\\/www.suvantocare.fi\\\/tiedote-liiketoimintakaupasta-7-1-2026\\\/#primaryimage\"},\"thumbnailUrl\":\"https:\\\/\\\/www.suvantocare.fi\\\/wp-content\\\/uploads\\\/2026\\\/01\\\/Liiketoimintakauppa.jpeg\",\"datePublished\":\"2026-01-07T07:00:58+00:00\",\"dateModified\":\"2026-01-07T08:14:28+00:00\",\"breadcrumb\":{\"@id\":\"https:\\\/\\\/www.suvantocare.fi\\\/tiedote-liiketoimintakaupasta-7-1-2026\\\/#breadcrumb\"},\"inLanguage\":\"en-US\",\"potentialAction\":[{\"@type\":\"ReadAction\",\"target\":[\"https:\\\/\\\/www.suvantocare.fi\\\/tiedote-liiketoimintakaupasta-7-1-2026\\\/\"]}]},{\"@type\":\"ImageObject\",\"inLanguage\":\"en-US\",\"@id\":\"https:\\\/\\\/www.suvantocare.fi\\\/tiedote-liiketoimintakaupasta-7-1-2026\\\/#primaryimage\",\"url\":\"https:\\\/\\\/www.suvantocare.fi\\\/wp-content\\\/uploads\\\/2026\\\/01\\\/Liiketoimintakauppa.jpeg\",\"contentUrl\":\"https:\\\/\\\/www.suvantocare.fi\\\/wp-content\\\/uploads\\\/2026\\\/01\\\/Liiketoimintakauppa.jpeg\"},{\"@type\":\"BreadcrumbList\",\"@id\":\"https:\\\/\\\/www.suvantocare.fi\\\/tiedote-liiketoimintakaupasta-7-1-2026\\\/#breadcrumb\",\"itemListElement\":[{\"@type\":\"ListItem\",\"position\":1,\"name\":\"Etusivu\",\"item\":\"https:\\\/\\\/www.suvantocare.fi\\\/fi\\\/\"},{\"@type\":\"ListItem\",\"position\":2,\"name\":\"Tiedote liiketoimintakaupasta 7.1.2026\"}]},{\"@type\":\"WebSite\",\"@id\":\"https:\\\/\\\/www.suvantocare.fi\\\/#website\",\"url\":\"https:\\\/\\\/www.suvantocare.fi\\\/\",\"name\":\"suvantocare.fi\",\"description\":\"suvantocare.fi\",\"publisher\":{\"@id\":\"https:\\\/\\\/www.suvantocare.fi\\\/#organization\"},\"potentialAction\":[{\"@type\":\"SearchAction\",\"target\":{\"@type\":\"EntryPoint\",\"urlTemplate\":\"https:\\\/\\\/www.suvantocare.fi\\\/?s={search_term_string}\"},\"query-input\":{\"@type\":\"PropertyValueSpecification\",\"valueRequired\":true,\"valueName\":\"search_term_string\"}}],\"inLanguage\":\"en-US\"},{\"@type\":\"Organization\",\"@id\":\"https:\\\/\\\/www.suvantocare.fi\\\/#organization\",\"name\":\"suvantocare.fi\",\"url\":\"https:\\\/\\\/www.suvantocare.fi\\\/\",\"logo\":{\"@type\":\"ImageObject\",\"inLanguage\":\"en-US\",\"@id\":\"https:\\\/\\\/www.suvantocare.fi\\\/#\\\/schema\\\/logo\\\/image\\\/\",\"url\":\"https:\\\/\\\/www.suvantocare.fi\\\/wp-content\\\/uploads\\\/2020\\\/09\\\/suvantocare-logo.svg\",\"contentUrl\":\"https:\\\/\\\/www.suvantocare.fi\\\/wp-content\\\/uploads\\\/2020\\\/09\\\/suvantocare-logo.svg\",\"caption\":\"suvantocare.fi\"},\"image\":{\"@id\":\"https:\\\/\\\/www.suvantocare.fi\\\/#\\\/schema\\\/logo\\\/image\\\/\"}}]}<\/script>\n<!-- \/ Yoast SEO plugin. -->","yoast_head_json":{"title":"Tiedote liiketoimintakaupasta 7.1.2026 - suvantocare.fi","robots":{"index":"index","follow":"follow","max-snippet":"max-snippet:-1","max-image-preview":"max-image-preview:large","max-video-preview":"max-video-preview:-1"},"canonical":"https:\/\/www.suvantocare.fi\/fi\/tiedote-liiketoimintakaupasta-7-1-2026\/","og_locale":"en_US","og_type":"article","og_title":"Tiedote liiketoimintakaupasta 7.1.2026 - suvantocare.fi","og_description":"Suvanto Care Oy vahvis\u00adtaa video\u00ad\u00ad\u00ad\u00adpal\u00ad\u00advelu\u00adlii\u00adke\u00ad\u00ad\u00adtoi\u00ad\u00admin\u00ad\u00ad\u00adtaansa liike\u00ad\u00ad\u00adtoi\u00adminta\u00ad\u00adkaupalla Arctic Connect Oy:n kanssa Suvanto Care Oy ja Arctic Connect Oy ovat sopineet liike\u00adtoiminta\u00adkaupasta, jossa Suvanto Care hankkii alihankintana aiemmin k\u00e4ytt\u00e4m\u00e4ns\u00e4 Arctic Connectin video\u00adpalvelu\u00adalustan liiketoiminnan itselleen. J\u00e4rjestely vahvistaa Suvanto Caren mahdollisuuksia kehitt\u00e4\u00e4 ja tuottaa digitaalisia videopohjaisia palveluja osana yhti\u00f6n laajempaa palvelukokonaisuutta. Liiketoimintakaupan my\u00f6t\u00e4 Suvanto Caren palvelutuotannossa aiemminkin k\u00e4yt\u00f6ss\u00e4 ollut [&hellip;]","og_url":"https:\/\/www.suvantocare.fi\/tiedote-liiketoimintakaupasta-7-1-2026\/","og_site_name":"suvantocare.fi","article_modified_time":"2026-01-07T08:14:28+00:00","og_image":[{"url":"https:\/\/www.suvantocare.fi\/wp-content\/uploads\/2026\/01\/Liiketoimintakauppa.jpeg","type":"","width":"","height":""}],"twitter_card":"summary_large_image","twitter_misc":{"Est. reading time":"2 minutes"},"schema":{"@context":"https:\/\/schema.org","@graph":[{"@type":"WebPage","@id":"https:\/\/www.suvantocare.fi\/tiedote-liiketoimintakaupasta-7-1-2026\/","url":"https:\/\/www.suvantocare.fi\/tiedote-liiketoimintakaupasta-7-1-2026\/","name":"Tiedote liiketoimintakaupasta 7.1.2026 - suvantocare.fi","isPartOf":{"@id":"https:\/\/www.suvantocare.fi\/#website"},"primaryImageOfPage":{"@id":"https:\/\/www.suvantocare.fi\/tiedote-liiketoimintakaupasta-7-1-2026\/#primaryimage"},"image":{"@id":"https:\/\/www.suvantocare.fi\/tiedote-liiketoimintakaupasta-7-1-2026\/#primaryimage"},"thumbnailUrl":"https:\/\/www.suvantocare.fi\/wp-content\/uploads\/2026\/01\/Liiketoimintakauppa.jpeg","datePublished":"2026-01-07T07:00:58+00:00","dateModified":"2026-01-07T08:14:28+00:00","breadcrumb":{"@id":"https:\/\/www.suvantocare.fi\/tiedote-liiketoimintakaupasta-7-1-2026\/#breadcrumb"},"inLanguage":"en-US","potentialAction":[{"@type":"ReadAction","target":["https:\/\/www.suvantocare.fi\/tiedote-liiketoimintakaupasta-7-1-2026\/"]}]},{"@type":"ImageObject","inLanguage":"en-US","@id":"https:\/\/www.suvantocare.fi\/tiedote-liiketoimintakaupasta-7-1-2026\/#primaryimage","url":"https:\/\/www.suvantocare.fi\/wp-content\/uploads\/2026\/01\/Liiketoimintakauppa.jpeg","contentUrl":"https:\/\/www.suvantocare.fi\/wp-content\/uploads\/2026\/01\/Liiketoimintakauppa.jpeg"},{"@type":"BreadcrumbList","@id":"https:\/\/www.suvantocare.fi\/tiedote-liiketoimintakaupasta-7-1-2026\/#breadcrumb","itemListElement":[{"@type":"ListItem","position":1,"name":"Etusivu","item":"https:\/\/www.suvantocare.fi\/fi\/"},{"@type":"ListItem","position":2,"name":"Tiedote liiketoimintakaupasta 7.1.2026"}]},{"@type":"WebSite","@id":"https:\/\/www.suvantocare.fi\/#website","url":"https:\/\/www.suvantocare.fi\/","name":"suvantocare.fi","description":"suvantocare.fi","publisher":{"@id":"https:\/\/www.suvantocare.fi\/#organization"},"potentialAction":[{"@type":"SearchAction","target":{"@type":"EntryPoint","urlTemplate":"https:\/\/www.suvantocare.fi\/?s={search_term_string}"},"query-input":{"@type":"PropertyValueSpecification","valueRequired":true,"valueName":"search_term_string"}}],"inLanguage":"en-US"},{"@type":"Organization","@id":"https:\/\/www.suvantocare.fi\/#organization","name":"suvantocare.fi","url":"https:\/\/www.suvantocare.fi\/","logo":{"@type":"ImageObject","inLanguage":"en-US","@id":"https:\/\/www.suvantocare.fi\/#\/schema\/logo\/image\/","url":"https:\/\/www.suvantocare.fi\/wp-content\/uploads\/2020\/09\/suvantocare-logo.svg","contentUrl":"https:\/\/www.suvantocare.fi\/wp-content\/uploads\/2020\/09\/suvantocare-logo.svg","caption":"suvantocare.fi"},"image":{"@id":"https:\/\/www.suvantocare.fi\/#\/schema\/logo\/image\/"}}]}},"_links":{"self":[{"href":"https:\/\/www.suvantocare.fi\/fi\/wp-json\/wp\/v2\/pages\/6664","targetHints":{"allow":["GET"]}}],"collection":[{"href":"https:\/\/www.suvantocare.fi\/fi\/wp-json\/wp\/v2\/pages"}],"about":[{"href":"https:\/\/www.suvantocare.fi\/fi\/wp-json\/wp\/v2\/types\/page"}],"author":[{"embeddable":true,"href":"https:\/\/www.suvantocare.fi\/fi\/wp-json\/wp\/v2\/users\/1"}],"replies":[{"embeddable":true,"href":"https:\/\/www.suvantocare.fi\/fi\/wp-json\/wp\/v2\/comments?post=6664"}],"version-history":[{"count":64,"href":"https:\/\/www.suvantocare.fi\/fi\/wp-json\/wp\/v2\/pages\/6664\/revisions"}],"predecessor-version":[{"id":6744,"href":"https:\/\/www.suvantocare.fi\/fi\/wp-json\/wp\/v2\/pages\/6664\/revisions\/6744"}],"wp:attachment":[{"href":"https:\/\/www.suvantocare.fi\/fi\/wp-json\/wp\/v2\/media?parent=6664"}],"curies":[{"name":"wp","href":"https:\/\/api.w.org\/{rel}","templated":true}]}}