{"id":1544,"date":"2020-10-01T09:36:43","date_gmt":"2020-10-01T09:36:43","guid":{"rendered":"https:\/\/2020.suvantocare.fi\/?page_id=1544"},"modified":"2021-12-16T12:44:09","modified_gmt":"2021-12-16T10:44:09","slug":"tietosuojaseloste","status":"publish","type":"page","link":"https:\/\/www.suvantocare.fi\/fi\/tietosuojaseloste\/","title":{"rendered":"Suvanto Care tietosuojaseloste"},"content":{"rendered":"\t\t<div data-elementor-type=\"wp-page\" data-elementor-id=\"1544\" class=\"elementor elementor-1544\" data-elementor-post-type=\"page\">\n\t\t\t\t\t\t<section class=\"elementor-section elementor-top-section elementor-element elementor-element-340b227 elementor-section-boxed elementor-section-height-default elementor-section-height-default\" data-id=\"340b227\" data-element_type=\"section\" data-e-type=\"section\" data-settings=\"{&quot;background_background&quot;:&quot;classic&quot;}\">\n\t\t\t\t\t\t<div class=\"elementor-container elementor-column-gap-default\">\n\t\t\t\t\t<div class=\"elementor-column elementor-col-100 elementor-top-column elementor-element elementor-element-503f31f1\" data-id=\"503f31f1\" data-element_type=\"column\" data-e-type=\"column\">\n\t\t\t<div class=\"elementor-widget-wrap elementor-element-populated\">\n\t\t\t\t\t\t<div class=\"elementor-element elementor-element-3e827756 elementor-widget elementor-widget-breadcrumbs\" data-id=\"3e827756\" data-element_type=\"widget\" data-e-type=\"widget\" data-widget_type=\"breadcrumbs.default\">\n\t\t\t\t<div class=\"elementor-widget-container\">\n\t\t\t\t\t<p id=\"breadcrumbs\"><span><span><a href=\"https:\/\/www.suvantocare.fi\/sv\/framsida\/\">Etusivu<\/a><\/span><\/span><\/p>\t\t\t\t<\/div>\n\t\t\t\t<\/div>\n\t\t\t\t\t<\/div>\n\t\t<\/div>\n\t\t\t\t\t<\/div>\n\t\t<\/section>\n\t\t\t\t<section class=\"elementor-section elementor-top-section elementor-element elementor-element-38ab2e3c elementor-section-boxed elementor-section-height-default elementor-section-height-default\" data-id=\"38ab2e3c\" data-element_type=\"section\" data-e-type=\"section\" data-settings=\"{&quot;background_background&quot;:&quot;classic&quot;}\">\n\t\t\t\t\t\t<div class=\"elementor-container elementor-column-gap-default\">\n\t\t\t\t\t<div class=\"elementor-column elementor-col-100 elementor-top-column elementor-element elementor-element-4021f4e0\" data-id=\"4021f4e0\" data-element_type=\"column\" data-e-type=\"column\">\n\t\t\t<div class=\"elementor-widget-wrap elementor-element-populated\">\n\t\t\t\t\t\t<div class=\"elementor-element elementor-element-289dee8d elementor-widget elementor-widget-heading\" data-id=\"289dee8d\" data-element_type=\"widget\" data-e-type=\"widget\" data-widget_type=\"heading.default\">\n\t\t\t\t<div class=\"elementor-widget-container\">\n\t\t\t\t\t<h1 class=\"elementor-heading-title elementor-size-default\">Suvanto Care tietosuojaseloste<\/h1>\t\t\t\t<\/div>\n\t\t\t\t<\/div>\n\t\t\t\t\t<\/div>\n\t\t<\/div>\n\t\t\t\t\t<\/div>\n\t\t<\/section>\n\t\t\t\t<section class=\"elementor-section elementor-top-section elementor-element elementor-element-7e6799fa elementor-reverse-tablet elementor-section-boxed elementor-section-height-default elementor-section-height-default\" data-id=\"7e6799fa\" data-element_type=\"section\" data-e-type=\"section\" data-settings=\"{&quot;background_background&quot;:&quot;classic&quot;}\">\n\t\t\t\t\t\t<div class=\"elementor-container elementor-column-gap-default\">\n\t\t\t\t\t<div class=\"elementor-column elementor-col-100 elementor-top-column elementor-element elementor-element-6f009a5d\" data-id=\"6f009a5d\" data-element_type=\"column\" data-e-type=\"column\" data-settings=\"{&quot;background_background&quot;:&quot;classic&quot;}\">\n\t\t\t<div class=\"elementor-widget-wrap elementor-element-populated\">\n\t\t\t\t\t\t<div class=\"elementor-element elementor-element-9b48271 elementor-widget elementor-widget-text-editor\" data-id=\"9b48271\" data-element_type=\"widget\" data-e-type=\"widget\" data-widget_type=\"text-editor.default\">\n\t\t\t\t<div class=\"elementor-widget-container\">\n\t\t\t\t\t\t\t\t\t<p>Rekisterinpit\u00e4j\u00e4ll\u00e4 on tietosuoja-asetuksen mukaan velvollisuus informoida selke\u00e4ll\u00e4 tavalla rekister\u00f6ityj\u00e4. T\u00e4m\u00e4 seloste t\u00e4ytt\u00e4\u00e4 informointivelvoitteen.<\/p><h4>1. Rekisterinpit\u00e4j\u00e4<\/h4><p><strong>Suvanto Care Oy<\/strong>, Hallituskatu 20 A, 96100 ROVANIEMI<\/p><p>Yhteystiedot rekisteri\u00e4 koskevissa asioissa<\/p><p><strong>Suvanto Care Oy<\/strong>, Hallituskatu 20 A, 96100 ROVANIEMI<br \/>Puhelin: 0400 502\u00a0353, s\u00e4hk\u00f6posti: tietosuoja@suvantocare.fi<\/p><p><strong>Tietosuojavastaava<\/strong>: Antti Haukipuro, Hallituskatu 20 A, 96100 ROVANIEMI<br \/>Puhelin: 0400 502\u00a0353, s\u00e4hk\u00f6posti: antti.haukipuro@suvantocare.fi<\/p><h4>2. Rekister\u00f6idyt<\/h4><p>Asiakkaat ja muut palvelun k\u00e4ytt\u00e4j\u00e4t, ty\u00f6ntekij\u00e4t, markkinointirekisterin henkil\u00f6t sek\u00e4 muut yhteisty\u00f6organisaatioiden henkil\u00f6t.<\/p><h4>3. Rekisterin pit\u00e4misen peruste ja k\u00e4ytt\u00f6tarkoitus<\/h4><p>Rekisterin pit\u00e4misen peruste:<\/p><ul><li>Henkil\u00f6tietoja k\u00e4sitell\u00e4\u00e4n rekister\u00f6idyn asiakassuhteen perusteella<\/li><li>Henkil\u00f6tietoja k\u00e4sitell\u00e4\u00e4n suostumuksen perusteella<\/li><\/ul><p>Henkil\u00f6tietoja k\u00e4sitell\u00e4\u00e4n vain ennalta m\u00e4\u00e4riteltyihin tarkoituksiin, jotka ovat seuraavat:<\/p><ul><li>Asiakassuhteen hoitaminen<\/li><li>Palveluistamme kertominen<\/li><\/ul><h4>4. Rekisteriin tallennettavat henkil\u00f6tiedot<\/h4><p>Rekisteriin tallennettavia tietoja ovat:<\/p><ul><li>Nimi, osoite, puhelinnumero, s\u00e4hk\u00f6postiosoite, henkil\u00f6tunnus<\/li><li>Tiedot hankituista tuotteista ja palveluista sek\u00e4 niiden toimitus-, k\u00e4ytt\u00f6- ja maksutiedot<\/li><li>Yhteydenpitomuodot, kanavakohtainen suoramarkkinointilupa ja -kieltotiedot<\/li><li>Muut asiakassuhteeseen ja tilattuihin palveluihin liittyv\u00e4t tiedot<\/li><\/ul><h4>5. Rekister\u00f6idyn oikeudet<\/h4><p>Rekister\u00f6idyll\u00e4 on seuraavat oikeudet, joiden k\u00e4ytt\u00e4mist\u00e4 koskevat pyynn\u00f6t tulee tehd\u00e4 osoitteeseen<strong>\u00a0<\/strong>tietosuoja@suvantocare.fi<\/p><p><strong>Tarkastusoikeus<\/strong><\/p><p>Rekister\u00f6ity voi tarkistaa tallentamamme henkil\u00f6tiedot.<\/p><p><strong>Oikeus tietojen oikaisemiseen<\/strong><\/p><p>Rekister\u00f6ity voi pyyt\u00e4\u00e4 oikaisemaan h\u00e4nt\u00e4 koskevat virheelliset tai puutteelliset tiedot.<\/p><p><strong>Vastustamisoikeus<\/strong><\/p><p>Rekister\u00f6ity voi vastustaa henkil\u00f6tietojen k\u00e4sittely\u00e4, mik\u00e4li kokee, ett\u00e4 henkil\u00f6tietoja on k\u00e4sitelty lainvastaisesti.<\/p><p><strong>Suoramarkkinointikielto<\/strong><\/p><p>Rekister\u00f6idyll\u00e4 on oikeus kielt\u00e4\u00e4 tietojen k\u00e4ytt\u00e4minen suoramarkkinointiin.<\/p><p><strong>Poisto-oikeus<\/strong><\/p><p>Rekister\u00f6idyll\u00e4 on oikeus pyyt\u00e4\u00e4 tietojen poistamista, jos tietojen k\u00e4sittely ei ole tarpeen. K\u00e4sittelemme poistopyynn\u00f6n, jonka j\u00e4lkeen joko poistamme tiedot tai ilmoitamme perustellun syyn, miksi tietoja ei voida poistaa.<\/p><p>On huomioitava, ett\u00e4 rekisterinpit\u00e4j\u00e4ll\u00e4 voi olla lakis\u00e4\u00e4teinen tai muu oikeus olla poistamatta pyydetty\u00e4 tietoa. Rekisterinpit\u00e4j\u00e4ll\u00e4 on velvollisuus s\u00e4ilytt\u00e4\u00e4 kirjanpitoaineisto Kirjanpitolaissa (luku 2, 10 \u00a7) m\u00e4\u00e4ritellyn ajan (10 vuotta) mukaisesti. T\u00e4m\u00e4n vuoksi kirjanpitoon liittyv\u00e4\u00e4 aineistoa ei voida poistaa ennen m\u00e4\u00e4r\u00e4ajan umpeutumista.<\/p><p><strong>Suostumuksen peruuttaminen<\/strong><\/p><p>Jos rekister\u00f6ity\u00e4 koskeva henkil\u00f6tietojen k\u00e4sittely perustuu ainoastaan suostumukseen, eik\u00e4 esim. asiakkuuteen tai j\u00e4senyyteen, voi rekister\u00f6ity peruuttaa suostumuksen.<\/p><p><strong>Rekister\u00f6ity voi valittaa p\u00e4\u00e4t\u00f6ksest\u00e4 tietosuojavaltuutetulle<\/strong><\/p><p>Rekister\u00f6idyll\u00e4 on oikeus vaatia, ett\u00e4 rajoitamme kiistanalaisten tietojen k\u00e4sittely\u00e4 siksi aikaa, kunnes asia saadaan ratkaistua.<\/p><p><strong>Valitusoikeus<\/strong><\/p><p>Rekister\u00f6idyll\u00e4 on oikeus tehd\u00e4 valitus tietosuojavaltuutetulle kantelu, jos h\u00e4n kokee, ett\u00e4 rikomme henkil\u00f6tietoja k\u00e4sitelless\u00e4mme voimassa olevaa tietosuojalains\u00e4\u00e4d\u00e4nt\u00f6\u00e4.<\/p><p>Tietosuojavaltuutetun yhteystiedot: www.tietosuoja.fi\/fi\/index\/yhteystiedot.html<\/p><h4>6. S\u00e4\u00e4nn\u00f6nmukaiset tietol\u00e4hteet<\/h4><p>Rekister\u00f6it\u00e4v\u00e4t tiedot saadaan s\u00e4\u00e4nn\u00f6nmukaisesti:<\/p><ul><li>Rekister\u00f6idylt\u00e4 itselt\u00e4\u00e4n<\/li><li>Yleisesti saatavilla olevista tietol\u00e4hteist\u00e4<\/li><\/ul><h4>7. S\u00e4\u00e4nn\u00f6nmukaiset tietojen luovutukset<\/h4><p>Tietoja ei p\u00e4\u00e4s\u00e4\u00e4nt\u00f6isesti luovuteta markkinointitarkoituksiin Suvanto Caren ulkopuolelle.<\/p><p>Olemme varmistaneet, ett\u00e4 kaikki palveluntarjoajamme noudattavat tietosuojalains\u00e4\u00e4d\u00e4nt\u00f6\u00e4. K\u00e4yt\u00e4mme lis\u00e4ksi seuraavia palvelutarjoajia:<\/p><ul><li>Google<\/li><li>Microsoft<\/li><li>MailChimp<\/li><\/ul><h4>8. K\u00e4sittelyn kesto<\/h4><p>Henkil\u00f6tietoja k\u00e4sitell\u00e4\u00e4n p\u00e4\u00e4s\u00e4\u00e4nt\u00f6isesti niin kauan, kuin asiakkuus on voimassa.<\/p><p>Markkinointilistaltamme rekister\u00f6ity p\u00e4\u00e4see poistumaan itse jokaisessa l\u00e4hett\u00e4m\u00e4ss\u00e4mme markkinointis\u00e4hk\u00f6postissamme olevan linkin kautta.<\/p><h4>9. Henkil\u00f6tietojen k\u00e4sittelij\u00e4t<\/h4><p>Rekisterinpit\u00e4j\u00e4 ja t\u00e4m\u00e4n ty\u00f6ntekij\u00e4t k\u00e4sittelev\u00e4t henkil\u00f6tietoja. Voimme my\u00f6s ulkoistaa henkil\u00f6tietojen k\u00e4sittelyn osittain kolmannelle osapuolelle, jolloin takaamme sopimusj\u00e4rjestelyin, ett\u00e4 henkil\u00f6tietoja k\u00e4sitell\u00e4\u00e4n voimassa olevan tietosuojalains\u00e4\u00e4d\u00e4nn\u00f6n mukaisesti ja muutoin asianmukaisesti.<\/p><h4>10. Tietojen siirto EU:n ulkopuolelle<\/h4><p>Henkil\u00f6tietoja ei s\u00e4\u00e4nn\u00f6nmukaisesti siirret\u00e4 EU:n tai Euroopan talousalueen ulkopuolelle.<\/p><p>Teknisist\u00e4 syist\u00e4 rekisterin tietoja voidaan kuitenkin joidenkin palveluntarjoajien toimesta siirt\u00e4\u00e4 tai kahdentaa my\u00f6s EU:n ja ETA:n ulkopuolelle. Kun tietoja siirret\u00e4\u00e4n EU:n ja ETA:n ulkopuolelle, huolehdimme henkil\u00f6tietojen suojan riitt\u00e4v\u00e4st\u00e4 tasosta muun muassa sopimalla henkil\u00f6tietojen luottamuksellisuuteen ja k\u00e4sittelyyn liittyvist\u00e4 asioista lains\u00e4\u00e4d\u00e4nn\u00f6n edellytt\u00e4m\u00e4ll\u00e4 tavalla. EU:n tai ETA:n ulkopuolella olevien palvelun k\u00e4ytt\u00f6 noudattaa EU:n ja Yhdysvaltojen v\u00e4list\u00e4 Privacy Shield\u00a0\u2011sopimusta, jonka tarkoituksena on varmistaa eurooppalaisten tietojen tietoturvallinen k\u00e4sittely Yhdysvalloissa. Euroopan unionin komissio on todennut, ett\u00e4 kyseiseen ohjelmaan sertifioidut palveluntarjoajat takaavat korkeiden eurooppalaisten standardien mukaisen tietosuojan ja tietoturvan tason.<\/p><h4>11.\u00a0Automaattinen p\u00e4\u00e4t\u00f6ksenteko ja profilointi<\/h4><p>Emme k\u00e4yt\u00e4 tietoja automaattiseen p\u00e4\u00e4t\u00f6ksentekoon tai profilointiin.<\/p>\t\t\t\t\t\t\t\t<\/div>\n\t\t\t\t<\/div>\n\t\t\t\t\t<\/div>\n\t\t<\/div>\n\t\t\t\t\t<\/div>\n\t\t<\/section>\n\t\t\t\t<\/div>\n\t\t","protected":false},"excerpt":{"rendered":"<p>Rekisterinpit\u00e4j\u00e4ll\u00e4 on tietosuoja-asetuksen mukaan velvollisuus informoida selke\u00e4ll\u00e4 tavalla rekister\u00f6ityj\u00e4. T\u00e4m\u00e4 seloste t\u00e4ytt\u00e4\u00e4 informointivelvoitteen. 1. Rekisterinpit\u00e4j\u00e4 Suvanto Care Oy, Hallituskatu 20 A, 96100 ROVANIEMI Yhteystiedot rekisteri\u00e4 koskevissa asioissa Suvanto Care Oy, Hallituskatu 20 A, 96100 ROVANIEMIPuhelin: 0400 502\u00a0353, s\u00e4hk\u00f6posti: tietosuoja@suvantocare.fi Tietosuojavastaava: Antti Haukipuro, Hallituskatu 20 A, 96100 ROVANIEMIPuhelin: 0400 502\u00a0353, s\u00e4hk\u00f6posti: antti.haukipuro@suvantocare.fi 2. Rekister\u00f6idyt Asiakkaat ja [&hellip;]<\/p>\n","protected":false},"author":3,"featured_media":0,"parent":0,"menu_order":0,"comment_status":"closed","ping_status":"closed","template":"elementor_header_footer","meta":{"_acf_changed":false,"footnotes":""},"class_list":["post-1544","page","type-page","status-publish","hentry"],"acf":[],"yoast_head":"<!-- This site is optimized with the Yoast SEO plugin v27.3 - https:\/\/yoast.com\/product\/yoast-seo-wordpress\/ -->\n<title>Suvanto Care tietosuojaseloste - suvantocare.fi<\/title>\n<meta name=\"robots\" content=\"index, follow, max-snippet:-1, max-image-preview:large, max-video-preview:-1\" \/>\n<link rel=\"canonical\" href=\"https:\/\/www.suvantocare.fi\/fi\/tietosuojaseloste\/\" \/>\n<meta property=\"og:locale\" content=\"en_US\" \/>\n<meta property=\"og:type\" content=\"article\" \/>\n<meta property=\"og:title\" content=\"Suvanto Care tietosuojaseloste - suvantocare.fi\" \/>\n<meta property=\"og:description\" content=\"Rekisterinpit\u00e4j\u00e4ll\u00e4 on tietosuoja-asetuksen mukaan velvollisuus informoida selke\u00e4ll\u00e4 tavalla rekister\u00f6ityj\u00e4. T\u00e4m\u00e4 seloste t\u00e4ytt\u00e4\u00e4 informointivelvoitteen. 1. Rekisterinpit\u00e4j\u00e4 Suvanto Care Oy, Hallituskatu 20 A, 96100 ROVANIEMI Yhteystiedot rekisteri\u00e4 koskevissa asioissa Suvanto Care Oy, Hallituskatu 20 A, 96100 ROVANIEMIPuhelin: 0400 502\u00a0353, s\u00e4hk\u00f6posti: tietosuoja@suvantocare.fi Tietosuojavastaava: Antti Haukipuro, Hallituskatu 20 A, 96100 ROVANIEMIPuhelin: 0400 502\u00a0353, s\u00e4hk\u00f6posti: antti.haukipuro@suvantocare.fi 2. Rekister\u00f6idyt Asiakkaat ja [&hellip;]\" \/>\n<meta property=\"og:url\" content=\"https:\/\/www.suvantocare.fi\/fi\/tietosuojaseloste\/\" \/>\n<meta property=\"og:site_name\" content=\"suvantocare.fi\" \/>\n<meta property=\"article:modified_time\" content=\"2021-12-16T10:44:09+00:00\" \/>\n<meta name=\"twitter:card\" content=\"summary_large_image\" \/>\n<meta name=\"twitter:label1\" content=\"Est. reading time\" \/>\n\t<meta name=\"twitter:data1\" content=\"3 minutes\" \/>\n<script type=\"application\/ld+json\" class=\"yoast-schema-graph\">{\"@context\":\"https:\\\/\\\/schema.org\",\"@graph\":[{\"@type\":\"WebPage\",\"@id\":\"https:\\\/\\\/www.suvantocare.fi\\\/fi\\\/tietosuojaseloste\\\/\",\"url\":\"https:\\\/\\\/www.suvantocare.fi\\\/fi\\\/tietosuojaseloste\\\/\",\"name\":\"Suvanto Care tietosuojaseloste - suvantocare.fi\",\"isPartOf\":{\"@id\":\"https:\\\/\\\/www.suvantocare.fi\\\/#website\"},\"datePublished\":\"2020-10-01T09:36:43+00:00\",\"dateModified\":\"2021-12-16T10:44:09+00:00\",\"breadcrumb\":{\"@id\":\"https:\\\/\\\/www.suvantocare.fi\\\/fi\\\/tietosuojaseloste\\\/#breadcrumb\"},\"inLanguage\":\"en-US\",\"potentialAction\":[{\"@type\":\"ReadAction\",\"target\":[\"https:\\\/\\\/www.suvantocare.fi\\\/fi\\\/tietosuojaseloste\\\/\"]}]},{\"@type\":\"BreadcrumbList\",\"@id\":\"https:\\\/\\\/www.suvantocare.fi\\\/fi\\\/tietosuojaseloste\\\/#breadcrumb\",\"itemListElement\":[{\"@type\":\"ListItem\",\"position\":1,\"name\":\"Etusivu\",\"item\":\"https:\\\/\\\/www.suvantocare.fi\\\/sv\\\/framsida\\\/\"},{\"@type\":\"ListItem\",\"position\":2,\"name\":\"Suvanto Care tietosuojaseloste\"}]},{\"@type\":\"WebSite\",\"@id\":\"https:\\\/\\\/www.suvantocare.fi\\\/#website\",\"url\":\"https:\\\/\\\/www.suvantocare.fi\\\/\",\"name\":\"suvantocare.fi\",\"description\":\"suvantocare.fi\",\"publisher\":{\"@id\":\"https:\\\/\\\/www.suvantocare.fi\\\/#organization\"},\"potentialAction\":[{\"@type\":\"SearchAction\",\"target\":{\"@type\":\"EntryPoint\",\"urlTemplate\":\"https:\\\/\\\/www.suvantocare.fi\\\/?s={search_term_string}\"},\"query-input\":{\"@type\":\"PropertyValueSpecification\",\"valueRequired\":true,\"valueName\":\"search_term_string\"}}],\"inLanguage\":\"en-US\"},{\"@type\":\"Organization\",\"@id\":\"https:\\\/\\\/www.suvantocare.fi\\\/#organization\",\"name\":\"suvantocare.fi\",\"url\":\"https:\\\/\\\/www.suvantocare.fi\\\/\",\"logo\":{\"@type\":\"ImageObject\",\"inLanguage\":\"en-US\",\"@id\":\"https:\\\/\\\/www.suvantocare.fi\\\/#\\\/schema\\\/logo\\\/image\\\/\",\"url\":\"https:\\\/\\\/www.suvantocare.fi\\\/wp-content\\\/uploads\\\/2020\\\/09\\\/suvantocare-logo.svg\",\"contentUrl\":\"https:\\\/\\\/www.suvantocare.fi\\\/wp-content\\\/uploads\\\/2020\\\/09\\\/suvantocare-logo.svg\",\"caption\":\"suvantocare.fi\"},\"image\":{\"@id\":\"https:\\\/\\\/www.suvantocare.fi\\\/#\\\/schema\\\/logo\\\/image\\\/\"}}]}<\/script>\n<!-- \/ Yoast SEO plugin. -->","yoast_head_json":{"title":"Suvanto Care tietosuojaseloste - suvantocare.fi","robots":{"index":"index","follow":"follow","max-snippet":"max-snippet:-1","max-image-preview":"max-image-preview:large","max-video-preview":"max-video-preview:-1"},"canonical":"https:\/\/www.suvantocare.fi\/fi\/tietosuojaseloste\/","og_locale":"en_US","og_type":"article","og_title":"Suvanto Care tietosuojaseloste - suvantocare.fi","og_description":"Rekisterinpit\u00e4j\u00e4ll\u00e4 on tietosuoja-asetuksen mukaan velvollisuus informoida selke\u00e4ll\u00e4 tavalla rekister\u00f6ityj\u00e4. T\u00e4m\u00e4 seloste t\u00e4ytt\u00e4\u00e4 informointivelvoitteen. 1. Rekisterinpit\u00e4j\u00e4 Suvanto Care Oy, Hallituskatu 20 A, 96100 ROVANIEMI Yhteystiedot rekisteri\u00e4 koskevissa asioissa Suvanto Care Oy, Hallituskatu 20 A, 96100 ROVANIEMIPuhelin: 0400 502\u00a0353, s\u00e4hk\u00f6posti: tietosuoja@suvantocare.fi Tietosuojavastaava: Antti Haukipuro, Hallituskatu 20 A, 96100 ROVANIEMIPuhelin: 0400 502\u00a0353, s\u00e4hk\u00f6posti: antti.haukipuro@suvantocare.fi 2. Rekister\u00f6idyt Asiakkaat ja [&hellip;]","og_url":"https:\/\/www.suvantocare.fi\/fi\/tietosuojaseloste\/","og_site_name":"suvantocare.fi","article_modified_time":"2021-12-16T10:44:09+00:00","twitter_card":"summary_large_image","twitter_misc":{"Est. reading time":"3 minutes"},"schema":{"@context":"https:\/\/schema.org","@graph":[{"@type":"WebPage","@id":"https:\/\/www.suvantocare.fi\/fi\/tietosuojaseloste\/","url":"https:\/\/www.suvantocare.fi\/fi\/tietosuojaseloste\/","name":"Suvanto Care tietosuojaseloste - suvantocare.fi","isPartOf":{"@id":"https:\/\/www.suvantocare.fi\/#website"},"datePublished":"2020-10-01T09:36:43+00:00","dateModified":"2021-12-16T10:44:09+00:00","breadcrumb":{"@id":"https:\/\/www.suvantocare.fi\/fi\/tietosuojaseloste\/#breadcrumb"},"inLanguage":"en-US","potentialAction":[{"@type":"ReadAction","target":["https:\/\/www.suvantocare.fi\/fi\/tietosuojaseloste\/"]}]},{"@type":"BreadcrumbList","@id":"https:\/\/www.suvantocare.fi\/fi\/tietosuojaseloste\/#breadcrumb","itemListElement":[{"@type":"ListItem","position":1,"name":"Etusivu","item":"https:\/\/www.suvantocare.fi\/sv\/framsida\/"},{"@type":"ListItem","position":2,"name":"Suvanto Care tietosuojaseloste"}]},{"@type":"WebSite","@id":"https:\/\/www.suvantocare.fi\/#website","url":"https:\/\/www.suvantocare.fi\/","name":"suvantocare.fi","description":"suvantocare.fi","publisher":{"@id":"https:\/\/www.suvantocare.fi\/#organization"},"potentialAction":[{"@type":"SearchAction","target":{"@type":"EntryPoint","urlTemplate":"https:\/\/www.suvantocare.fi\/?s={search_term_string}"},"query-input":{"@type":"PropertyValueSpecification","valueRequired":true,"valueName":"search_term_string"}}],"inLanguage":"en-US"},{"@type":"Organization","@id":"https:\/\/www.suvantocare.fi\/#organization","name":"suvantocare.fi","url":"https:\/\/www.suvantocare.fi\/","logo":{"@type":"ImageObject","inLanguage":"en-US","@id":"https:\/\/www.suvantocare.fi\/#\/schema\/logo\/image\/","url":"https:\/\/www.suvantocare.fi\/wp-content\/uploads\/2020\/09\/suvantocare-logo.svg","contentUrl":"https:\/\/www.suvantocare.fi\/wp-content\/uploads\/2020\/09\/suvantocare-logo.svg","caption":"suvantocare.fi"},"image":{"@id":"https:\/\/www.suvantocare.fi\/#\/schema\/logo\/image\/"}}]}},"_links":{"self":[{"href":"https:\/\/www.suvantocare.fi\/fi\/wp-json\/wp\/v2\/pages\/1544","targetHints":{"allow":["GET"]}}],"collection":[{"href":"https:\/\/www.suvantocare.fi\/fi\/wp-json\/wp\/v2\/pages"}],"about":[{"href":"https:\/\/www.suvantocare.fi\/fi\/wp-json\/wp\/v2\/types\/page"}],"author":[{"embeddable":true,"href":"https:\/\/www.suvantocare.fi\/fi\/wp-json\/wp\/v2\/users\/3"}],"replies":[{"embeddable":true,"href":"https:\/\/www.suvantocare.fi\/fi\/wp-json\/wp\/v2\/comments?post=1544"}],"version-history":[{"count":16,"href":"https:\/\/www.suvantocare.fi\/fi\/wp-json\/wp\/v2\/pages\/1544\/revisions"}],"predecessor-version":[{"id":3850,"href":"https:\/\/www.suvantocare.fi\/fi\/wp-json\/wp\/v2\/pages\/1544\/revisions\/3850"}],"wp:attachment":[{"href":"https:\/\/www.suvantocare.fi\/fi\/wp-json\/wp\/v2\/media?parent=1544"}],"curies":[{"name":"wp","href":"https:\/\/api.w.org\/{rel}","templated":true}]}}